{"id":2918,"date":"2017-02-01T01:09:34","date_gmt":"2017-02-01T01:09:34","guid":{"rendered":"https:\/\/madmousestudio.com\/?page_id=2918\/"},"modified":"2026-01-14T13:59:03","modified_gmt":"2026-01-14T11:59:03","slug":"sobre-madmouse-studio","status":"publish","type":"page","link":"https:\/\/madmousestudio.com\/es\/sobre-madmouse-studio\/","title":{"rendered":"Sobre MadMouse Studio"},"content":{"rendered":"<div class=\"wpb-content-wrapper\"><p>[vc_row full_width=\u00bbstretch_row_content_no_spaces\u00bb awb_type=\u00bbyt_vm_video\u00bb awb_video=\u00bb\u00bb][vc_column][vc_empty_space height=\u00bb50px\u00bb el_class=\u00bbdisplay-none\u00bb][vc_column_text css_animation=\u00bbfadeInDown\u00bb el_class=\u00bbbold big\u00bb]<\/p>\n<h1 style=\"text-align: center;\">\u00bfQUIENES SON MADMOUSE STUDIO?<\/h1>\n<p>[\/vc_column_text][vc_empty_space height=\u00bb50px\u00bb][\/vc_column][\/vc_row][vc_section full_width=\u00bbstretch_row_content\u00bb][vc_row full_width=\u00bbstretch_row_content_no_spaces\u00bb gap=\u00bb10&#8243; css_animation=\u00bbfadeInDown\u00bb][vc_column][vc_row_inner gap=\u00bb10&#8243;][vc_column_inner width=\u00bb1\/6&#8243;][\/vc_column_inner][vc_column_inner width=\u00bb2\/3&#8243; css=\u00bb.vc_custom_1634892815903{padding-right: 30px !important;padding-left: 30px !important;}\u00bb][vc_column_text]<\/p>\n<p style=\"text-align: center;\">MadMouse Studio naci\u00f3 en 2013 como un proyecto lleno de ilusiones y aspiraciones. Hemos hecho volar aeronaves imposibles, viajado al interior del ADN, visitando galaxias ignotas y aterrizado en lunas pobladas de alienigenas. Hemos ayudado a llevar parejas isolitas a aquellos que no pueden visitarlos mediante realidad virtual. Hemos dado vida a personajes risue\u00f1os y emocionado al espectador con nuestra animacion. Plant\u00e9anos tu sue\u00f1o y nosotros lo volveremos un poco m\u00e1s real.<br \/>\n\u00bfQuieres viajar junto a nosotros en busca de nuevas aventuras?<\/p>\n<p>[\/vc_column_text][vc_single_image image=\u00bb2590&#8243; img_size=\u00bb100px\u00bb alignment=\u00bbcenter\u00bb][\/vc_column_inner][vc_column_inner width=\u00bb1\/6&#8243;][\/vc_column_inner][\/vc_row_inner][vc_row_inner equal_height=\u00bbyes\u00bb gap=\u00bb10&#8243; css=\u00bb.vc_custom_1635148486659{padding-right: 20px !important;padding-left: 20px !important;}\u00bb][vc_column_inner width=\u00bb1\/3&#8243;][vc_column_text css=\u00bb.vc_custom_1768391928135{margin-bottom: 0px !important;padding-bottom: 0px !important;}\u00bb el_class=\u00bbazul\u00bb]<\/p>\n<h2 style=\"text-align: center;\"><strong>AYER<\/strong><\/h2>\n<p>[\/vc_column_text][vc_icon icon_fontawesome=\u00bbfas fa-circle\u00bb color=\u00bbblack\u00bb size=\u00bbxs\u00bb align=\u00bbcenter\u00bb css=\u00bb.vc_custom_1634899647196{margin-bottom: 0px !important;padding-bottom: 0px !important;}\u00bb][vc_separator][vc_column_text]<\/p>\n<p style=\"text-align: center;\">MadMouse Studio fue fundada en 2013 por Antonio Lasala y Jos\u00e9 Mar\u00eda Yus con el fin de convertirse en una empresa referente en cuanto al dise\u00f1o 3D, la animaci\u00f3n y los efectos visuales. Desde entonces, la empresa ha continuado creciendo gracias a su constante capacidad de innovaci\u00f3n.<\/p>\n<p>[\/vc_column_text][\/vc_column_inner][vc_column_inner width=\u00bb1\/3&#8243; css=\u00bb.vc_custom_1634892815903{padding-right: 30px !important;padding-left: 30px !important;}\u00bb][vc_column_text css=\u00bb.vc_custom_1768391934000{margin-bottom: 0px !important;padding-bottom: 0px !important;}\u00bb el_class=\u00bbazul\u00bb]<\/p>\n<h2 style=\"text-align: center;\"><strong>HOY<\/strong><\/h2>\n<p>[\/vc_column_text][vc_icon icon_fontawesome=\u00bbfas fa-circle\u00bb color=\u00bbblack\u00bb size=\u00bbxs\u00bb align=\u00bbcenter\u00bb css=\u00bb.vc_custom_1634899647196{margin-bottom: 0px !important;padding-bottom: 0px !important;}\u00bb][vc_separator][vc_column_text]<\/p>\n<p style=\"text-align: center;\">Hoy en d\u00eda, somos un estudio 3D consolidado que trabaja para prestigiosos clientes. Hemos dise\u00f1ado v\u00eddeos para diferentes compa\u00f1\u00edas, proyectos de ingenier\u00eda y publicidad. Tambi\u00e9n hemos trabajado para productoras de cine y televisi\u00f3n y nuestros socios han colaborado en importantes proyectos. Adem\u00e1s, hemos lanzado un nuevo proyecto, MadMouse Visual Health, para expandir nuestro servicio m\u00e1s exitoso: creaci\u00f3n de contenidos audiovisuales para salud, veterinaria y farmacia.<\/p>\n<p>[\/vc_column_text][\/vc_column_inner][vc_column_inner width=\u00bb1\/3&#8243;][vc_column_text css=\u00bb.vc_custom_1768391939720{margin-bottom: 0px !important;padding-bottom: 0px !important;}\u00bb el_class=\u00bbazul\u00bb]<\/p>\n<h2 style=\"text-align: center;\"><strong>MA\u00d1ANA<\/strong><\/h2>\n<p>[\/vc_column_text][vc_icon icon_fontawesome=\u00bbfas fa-circle\u00bb color=\u00bbblack\u00bb size=\u00bbxs\u00bb align=\u00bbcenter\u00bb css=\u00bb.vc_custom_1634899647196{margin-bottom: 0px !important;padding-bottom: 0px !important;}\u00bb][vc_separator][vc_column_text]<\/p>\n<p style=\"text-align: center;\">La historia de MadMouse Studio acaba de empezar y el protagonista del siguiente cap\u00edtulo puedes ser t\u00fa. Cu\u00e9ntanos qu\u00e9 quieres y lo haremos realidad.<\/p>\n<p>[\/vc_column_text][\/vc_column_inner][\/vc_row_inner][\/vc_column][\/vc_row][\/vc_section][vc_row full_width=\u00bbstretch_row_content\u00bb css_animation=\u00bbfadeInDown\u00bb][vc_column][vc_empty_space height=\u00bb50px\u00bb el_class=\u00bbdisplay-none\u00bb][vc_empty_space height=\u00bb50px\u00bb el_class=\u00bbdisplay-none\u00bb][vc_column_text css=\u00bb\u00bb el_class=\u00bbbold big\u00bb]<\/p>\n<h2 style=\"text-align: center;\">SOBRE MADMOUSE STUDIO<\/h2>\n<p>[\/vc_column_text][\/vc_column][\/vc_row][vc_section full_width=\u00bbstretch_row_content\u00bb][vc_row full_width=\u00bbstretch_row_content_no_spaces\u00bb gap=\u00bb20&#8243; css_animation=\u00bbfadeInDown\u00bb][vc_column width=\u00bb1\/6&#8243;][\/vc_column][vc_column width=\u00bb2\/3&#8243;][vc_row_inner gap=\u00bb35&#8243;][vc_column_inner width=\u00bb1\/2&#8243;][vc_column_text]<\/p>\n<h3><strong> CREEMOS QUE NADA ES IMPOSIBLE Y LO QUE TODAV\u00cdA NO EXISTE, NOSOTROS LO CREAMOS POR ORDENADOR. SI PUEDES IMAGINARLO, MADMOUSE STUDIO PUEDE HACERLO.<\/strong><\/h3>\n<p>[\/vc_column_text][\/vc_column_inner][vc_column_inner width=\u00bb1\/2&#8243;][vc_column_text]Somos MadMouse Studio, un estudio de animaci\u00f3n especializado en 3D, efectos visuales (VFX), integraci\u00f3n digital, realidad virtual (VR), postproducci\u00f3n y Motion Graphics. Una amplia gama de servicios adaptados a cada cliente.<\/p>\n<p>Podemos hacer que una nave espacial aparezca en el cielo, que un drag\u00f3n expulse fuego por la boca, animar personajes de dibujos, realizar espectaculares efectos visuales o recrear una operaci\u00f3n dental. Dinos qu\u00e9 es lo que quieres y lo haremos realidad.<\/p>\n<p>Durante los \u00faltimos a\u00f1os hemos participado en muchas producciones audiovisuales, desde efectos visuales para \u00abJuego de Tronos\u00bb o \u00abWorld of Warcraft: Origen\u00bb, hasta la creaci\u00f3n de una enciclopedia visual para acompa\u00f1ar un nuevo prototipo de herramientas m\u00e9dicas: Superamos ya la participaci\u00f3n directa en m\u00e1s de 100 proyectos \u00fanicos.[\/vc_column_text][\/vc_column_inner][\/vc_row_inner][\/vc_column][vc_column width=\u00bb1\/6&#8243;][\/vc_column][\/vc_row][\/vc_section][vc_row css_animation=\u00bbfadeInDown\u00bb][vc_column][vc_empty_space height=\u00bb50px\u00bb el_class=\u00bbdisplay-none\u00bb][vc_column_text el_class=\u00bbbold big\u00bb]<\/p>\n<h2 style=\"text-align: center;\">\u00bfQUIERES M\u00c1S INFORMACI\u00d3N?<\/h2>\n<p>[\/vc_column_text][vc_empty_space height=\u00bb50px\u00bb el_class=\u00bbdisplay-none\u00bb][vc_row_inner][vc_column_inner width=\u00bb1\/3&#8243;][\/vc_column_inner][vc_column_inner width=\u00bb1\/3&#8243;][vc_btn title=\u00bbCONTACTA CON NOSOTROS\u00bb style=\u00bbcustom\u00bb custom_background=\u00bb#222222&#8243; custom_text=\u00bb#f1f1f1&#8243; shape=\u00bbsquare\u00bb align=\u00bbcenter\u00bb link=\u00bburl:https%3A%2F%2Fmadmousestudio.com%2Fes%2Fcontacto-madmouse-studio%2F|title:Contact%20MadMouse%20Studio\u00bb][\/vc_column_inner][vc_column_inner width=\u00bb1\/3&#8243;][\/vc_column_inner][\/vc_row_inner][\/vc_column][\/vc_row]<\/p>\n<\/div>","protected":false},"excerpt":{"rendered":"<p>[vc_row full_width=\u00bbstretch_row_content_no_spaces\u00bb awb_type=\u00bbyt_vm_video\u00bb awb_video=\u00bb\u00bb][vc_column][vc_empty_space height=\u00bb50px\u00bb el_class=\u00bbdisplay-none\u00bb][vc_column_text css_animation=\u00bbfadeInDown\u00bb el_class=\u00bbbold big\u00bb] \u00bfQUIENES SON MADMOUSE STUDIO? [\/vc_column_text][vc_empty_space height=\u00bb50px\u00bb][\/vc_column][\/vc_row][vc_section full_width=\u00bbstretch_row_content\u00bb][vc_row full_width=\u00bbstretch_row_content_no_spaces\u00bb gap=\u00bb10&#8243; css_animation=\u00bbfadeInDown\u00bb][vc_column][vc_row_inner gap=\u00bb10&#8243;][vc_column_inner width=\u00bb1\/6&#8243;][\/vc_column_inner][vc_column_inner width=\u00bb2\/3&#8243; css=\u00bb.vc_custom_1634892815903{padding-right: 30px !important;padding-left: 30px !important;}\u00bb][vc_column_text] MadMouse Studio naci\u00f3 en 2013 como un proyecto lleno de ilusiones y aspiraciones. Hemos hecho volar aeronaves imposibles, viajado al interior del ADN, visitando galaxias ignotas y aterrizado [&hellip;]<\/p>\n","protected":false},"author":1,"featured_media":0,"parent":0,"menu_order":0,"comment_status":"closed","ping_status":"closed","template":"","meta":{"_genesis_hide_title":false,"_genesis_hide_breadcrumbs":false,"_genesis_hide_singular_image":false,"_genesis_hide_footer_widgets":false,"_genesis_custom_body_class":"internas","_genesis_custom_post_class":"","_genesis_layout":"","footnotes":""},"class_list":{"0":"post-2918","1":"page","2":"type-page","3":"status-publish","5":"entry"},"_links":{"self":[{"href":"https:\/\/madmousestudio.com\/es\/wp-json\/wp\/v2\/pages\/2918","targetHints":{"allow":["GET"]}}],"collection":[{"href":"https:\/\/madmousestudio.com\/es\/wp-json\/wp\/v2\/pages"}],"about":[{"href":"https:\/\/madmousestudio.com\/es\/wp-json\/wp\/v2\/types\/page"}],"author":[{"embeddable":true,"href":"https:\/\/madmousestudio.com\/es\/wp-json\/wp\/v2\/users\/1"}],"replies":[{"embeddable":true,"href":"https:\/\/madmousestudio.com\/es\/wp-json\/wp\/v2\/comments?post=2918"}],"version-history":[{"count":3,"href":"https:\/\/madmousestudio.com\/es\/wp-json\/wp\/v2\/pages\/2918\/revisions"}],"predecessor-version":[{"id":9540,"href":"https:\/\/madmousestudio.com\/es\/wp-json\/wp\/v2\/pages\/2918\/revisions\/9540"}],"wp:attachment":[{"href":"https:\/\/madmousestudio.com\/es\/wp-json\/wp\/v2\/media?parent=2918"}],"curies":[{"name":"wp","href":"https:\/\/api.w.org\/{rel}","templated":true}]}}